{"id":110,"date":"2024-07-24T17:43:42","date_gmt":"2024-07-24T15:43:42","guid":{"rendered":"https:\/\/www.fermedesaulnays.fr\/?page_id=110"},"modified":"2024-09-24T10:04:50","modified_gmt":"2024-09-24T08:04:50","slug":"nos-vaches","status":"publish","type":"page","link":"https:\/\/www.fermedesaulnays.fr\/index.php\/nos-vaches\/","title":{"rendered":"Nos vaches"},"content":{"rendered":"\n<div class=\"wp-block-columns is-layout-flex wp-container-core-columns-is-layout-28f84493 wp-block-columns-is-layout-flex\">\n<div class=\"wp-block-column is-layout-flow wp-block-column-is-layout-flow\" style=\"flex-basis:66.66%\">\n<p class=\"has-text-align-center\">Nous \u00e9levons 45 vaches laiti\u00e8res de Jersiaises, qui se nourrissent essentiellement d&rsquo;herbe, dont les \u00be du lait sont transform\u00e9s en <a href=\"https:\/\/www.fermedesaulnays.fr\/index.php\/nos-produits\/\" data-type=\"page\" data-id=\"146\">camembert BIO<\/a>.<\/p>\n\n\n\n<p class=\"has-text-align-center\">Notre syst\u00e8me herbager, nous assure une compl\u00e8te <a href=\"https:\/\/www.fermedesaulnays.fr\/index.php\/notre-ferme\/\" data-type=\"page\" data-id=\"77\">autonomie alimentaire<\/a> toute l&rsquo;ann\u00e9e :<br>Du foin \u00e0 dominante l\u00e9gumineuses (luzerne), des c\u00e9r\u00e9ales en ration hivernale.<br>Encore un peu de foin et de c\u00e9r\u00e9ales au printemps, un p\u00e2turage pr\u00e9coce (vers fin f\u00e9vrier) et un compl\u00e9ment d\u2019herbe distribu\u00e9e \u00e0 l\u2019auge.<br>Entre avril et aout c\u2019est du p\u00e2turage int\u00e9gral.<br>A partir d\u2019aout (ou septembre selon les ann\u00e9es) puis en automne, nous ramenons de l\u2019herbe \u00e0 l\u2019auge en compl\u00e9ment du p\u00e2turage et nous augmentons progressivement les apports en c\u00e9r\u00e9ales.<br><br>Notre souci premier est de pourvoir \u00e0 une alimentation de qualit\u00e9 en cr\u00e9ant d&rsquo;une part des prairies \u00e0 flore vari\u00e9e pour le p\u00e2turage et d&rsquo;autre part en r\u00e9coltant du foin de l\u00e9gumineuse. Ceci afin d&rsquo;assurer \u00e0 notre lait une grande qualit\u00e9 organoleptique.<\/p>\n\n\n\n<p class=\"has-text-align-center\">La production de lait se fait donc avec des vaches jersiaises, ce qui pr\u00e9sente de nombreux avantages :<br>Son petit gabarit permet \u00e0 la fois un p\u00e2turage pr\u00e9coce au printemps et tardif en automne donc une bonne valorisation de l&rsquo;herbe.<br>C&rsquo;est une grande laiti\u00e8re de part la quantit\u00e9 et la composition exceptionnelle de son lait.<br>Le lait de jersiaise est particuli\u00e8rement riche en oligo-\u00e9l\u00e9ments, en calcium et en vitamines. Il est tout \u00e0 fait adapt\u00e9 \u00e0 la transformation fromag\u00e8re vu sa richesse en prot\u00e9ines fromageables (richesse et aptitude des cas\u00e9ines \u00e0 la coagulation).<\/p>\n<\/div>\n\n\n\n<div class=\"wp-block-column is-vertically-aligned-center is-layout-flow wp-block-column-is-layout-flow\" style=\"flex-basis:33.33%\">\n<figure class=\"wp-block-image size-full --is-custom-photo\"><img loading=\"lazy\" decoding=\"async\" width=\"600\" height=\"800\" src=\"https:\/\/www.fermedesaulnays.fr\/wp-content\/uploads\/2024\/08\/IMG_20240822_181403.jpg\" alt=\"\" class=\"wp-image-262\" srcset=\"https:\/\/www.fermedesaulnays.fr\/wp-content\/uploads\/2024\/08\/IMG_20240822_181403.jpg 600w, https:\/\/www.fermedesaulnays.fr\/wp-content\/uploads\/2024\/08\/IMG_20240822_181403-225x300.jpg 225w\" sizes=\"auto, (max-width: 600px) 100vw, 600px\" \/><\/figure>\n<\/div>\n<\/div>\n\n\n\n<hr class=\"wp-block-separator has-alpha-channel-opacity is-style-wide\"\/>\n\n\n<div class=\"n2-section-smartslider fitvidsignore  n2_clear\" data-ssid=\"2\" tabindex=\"0\" role=\"region\" aria-label=\"Slider\" style=\"height:800px;\"><div id=\"n2-ss-2-align\" class=\"n2-ss-align\"><div class=\"n2-padding\"><template id=\"n2-ss-2_t\" data-loading-type=\"afterOnLoad\"><div id=\"n2-ss-2\" data-creator=\"Smart Slider 3\" data-responsive=\"auto\" class=\"n2-ss-slider n2-ow n2-has-hover n2notransition  \">\n\n\n\n\n\n\n\n\n\n\n\n\n\n\n\n\n\n\n\n\n\n\n\n<div class=\"n2-ss-slider-wrapper-inside\">\n        <div class=\"n2-ss-slider-1 n2_ss__touch_element n2-ow\">\n            <div class=\"n2-ss-slider-2 n2-ow\">\n                                                <div class=\"n2-ss-slider-3 n2-ow\">\n\n                    <div class=\"n2-ss-slide-backgrounds n2-ow-all\"><div class=\"n2-ss-slide-background\" data-public-id=\"1\" data-mode=\"fit\"><div class=\"n2-ss-slide-background-image\" data-blur=\"0\" data-opacity=\"100\" data-x=\"50\" data-y=\"50\" data-alt=\"\" data-title=\"\"><picture class=\"skip-lazy\" data-skip-lazy=\"1\"><img decoding=\"async\" src=\"\/\/www.fermedesaulnays.fr\/wp-content\/uploads\/slider\/cache\/462deb3ee972f021864ff88624026018\/Ferme-des-Aulnays_-8-scaled.jpg\" alt=\"\" title=\"\" loading=\"lazy\" class=\"skip-lazy\" data-skip-lazy=\"1\"><\/picture><\/div><div data-color=\"RGBA(255,255,255,0)\" style=\"background-color: RGBA(255,255,255,0);\" class=\"n2-ss-slide-background-color\"><\/div><\/div><div class=\"n2-ss-slide-background\" data-public-id=\"2\" data-mode=\"fit\"><div class=\"n2-ss-slide-background-image\" data-blur=\"0\" data-opacity=\"100\" data-x=\"50\" data-y=\"50\" data-alt=\"\" data-title=\"\"><picture class=\"skip-lazy\" data-skip-lazy=\"1\"><img decoding=\"async\" src=\"\/\/www.fermedesaulnays.fr\/wp-content\/uploads\/slider\/cache\/b783efe39c4d99d424ecd7c740bbabc1\/Ferme-des-Aulnays_-5-scaled.jpg\" alt=\"\" title=\"\" loading=\"lazy\" class=\"skip-lazy\" data-skip-lazy=\"1\"><\/picture><\/div><div data-color=\"RGBA(255,255,255,0)\" style=\"background-color: RGBA(255,255,255,0);\" class=\"n2-ss-slide-background-color\"><\/div><\/div><div class=\"n2-ss-slide-background\" data-public-id=\"3\" data-mode=\"fit\"><div class=\"n2-ss-slide-background-image\" data-blur=\"0\" data-opacity=\"100\" data-x=\"50\" data-y=\"50\" data-alt=\"\" data-title=\"\"><picture class=\"skip-lazy\" data-skip-lazy=\"1\"><img decoding=\"async\" src=\"\/\/www.fermedesaulnays.fr\/wp-content\/uploads\/slider\/cache\/1adb275f35dc3b46dae7cdccc37c3a8c\/Ferme-des-Aulnays_-7-scaled.jpg\" alt=\"\" title=\"\" loading=\"lazy\" class=\"skip-lazy\" data-skip-lazy=\"1\"><\/picture><\/div><div data-color=\"RGBA(255,255,255,0)\" style=\"background-color: RGBA(255,255,255,0);\" class=\"n2-ss-slide-background-color\"><\/div><\/div><div class=\"n2-ss-slide-background\" data-public-id=\"4\" data-mode=\"fit\"><div class=\"n2-ss-slide-background-image\" data-blur=\"0\" data-opacity=\"100\" data-x=\"50\" data-y=\"50\" data-alt=\"\" data-title=\"\"><picture class=\"skip-lazy\" data-skip-lazy=\"1\"><img decoding=\"async\" src=\"\/\/www.fermedesaulnays.fr\/wp-content\/uploads\/slider\/cache\/0bb80ade2cceb95518b3e3c40ce054d0\/Ferme-des-Aulnays_-6-scaled.jpg\" alt=\"\" title=\"\" loading=\"lazy\" class=\"skip-lazy\" data-skip-lazy=\"1\"><\/picture><\/div><div data-color=\"RGBA(255,255,255,0)\" style=\"background-color: RGBA(255,255,255,0);\" class=\"n2-ss-slide-background-color\"><\/div><\/div><div class=\"n2-ss-slide-background\" data-public-id=\"5\" data-mode=\"fit\"><div class=\"n2-ss-slide-background-image\" data-blur=\"0\" data-opacity=\"100\" data-x=\"50\" data-y=\"50\" data-alt=\"\" data-title=\"\"><picture class=\"skip-lazy\" data-skip-lazy=\"1\"><img decoding=\"async\" src=\"\/\/www.fermedesaulnays.fr\/wp-content\/uploads\/slider\/cache\/7d4ed70e34a57f5c4ca3615f7868a804\/Ferme-des-Aulnays_-32-scaled.jpg\" alt=\"\" title=\"\" loading=\"lazy\" class=\"skip-lazy\" data-skip-lazy=\"1\"><\/picture><\/div><div data-color=\"RGBA(255,255,255,0)\" style=\"background-color: RGBA(255,255,255,0);\" class=\"n2-ss-slide-background-color\"><\/div><\/div><div class=\"n2-ss-slide-background\" data-public-id=\"6\" data-mode=\"fit\"><div class=\"n2-ss-slide-background-image\" data-blur=\"0\" data-opacity=\"100\" data-x=\"50\" data-y=\"50\" data-alt=\"\" data-title=\"\"><picture class=\"skip-lazy\" data-skip-lazy=\"1\"><img decoding=\"async\" src=\"\/\/www.fermedesaulnays.fr\/wp-content\/uploads\/slider\/cache\/7d429a2e273d20c1c41f4aa051db9359\/Ferme-des-Aulnays_-31-scaled.jpg\" alt=\"\" title=\"\" loading=\"lazy\" class=\"skip-lazy\" data-skip-lazy=\"1\"><\/picture><\/div><div data-color=\"RGBA(255,255,255,0)\" style=\"background-color: RGBA(255,255,255,0);\" class=\"n2-ss-slide-background-color\"><\/div><\/div><\/div>                    <div class=\"n2-ss-slider-4 n2-ow\">\n                        <svg xmlns=\"http:\/\/www.w3.org\/2000\/svg\" viewBox=\"0 0 800 800\" data-related-device=\"desktopPortrait\" class=\"n2-ow n2-ss-preserve-size n2-ss-preserve-size--slider n2-ss-slide-limiter\"><\/svg><div data-first=\"1\" data-slide-duration=\"0\" data-id=\"20\" data-slide-public-id=\"1\" data-title=\"Vache(s) Jersiaise(s)\" data-description=\"&lt;a href=&quot;https:\/\/elliegibbons.fr&quot; target=&quot;_blank&quot;&gt;Ellie Gibbons&lt;\/a&gt;\" class=\"n2-ss-slide n2-ow  n2-ss-slide-20\"><div role=\"note\" class=\"n2-ss-slide--focus\" tabindex=\"-1\">Vache(s) Jersiaise(s)<\/div><div class=\"n2-ss-layers-container n2-ss-slide-limiter n2-ow\"><div class=\"n2-ss-layer n2-ow n-uc-cglENesVEcH2\" data-sstype=\"slide\" data-pm=\"default\"><\/div><\/div><\/div><div data-slide-duration=\"0\" data-id=\"17\" data-slide-public-id=\"2\" data-title=\"Vache(s) Jersiaise(s)\" data-description=\"&lt;a href=&quot;https:\/\/elliegibbons.fr&quot; target=&quot;_blank&quot;&gt;Ellie Gibbons&lt;\/a&gt;\" class=\"n2-ss-slide n2-ow  n2-ss-slide-17\"><div role=\"note\" class=\"n2-ss-slide--focus\" tabindex=\"-1\">Vache(s) Jersiaise(s)<\/div><div class=\"n2-ss-layers-container n2-ss-slide-limiter n2-ow\"><div class=\"n2-ss-layer n2-ow n-uc-iHHuDQKLY2Ke\" data-sstype=\"slide\" data-pm=\"default\"><\/div><\/div><\/div><div data-slide-duration=\"0\" data-id=\"19\" data-slide-public-id=\"3\" data-title=\"Vache(s) Jersiaise(s)\" data-description=\"&lt;a href=&quot;https:\/\/elliegibbons.fr&quot; target=&quot;_blank&quot;&gt;Ellie Gibbons&lt;\/a&gt;\" class=\"n2-ss-slide n2-ow  n2-ss-slide-19\"><div role=\"note\" class=\"n2-ss-slide--focus\" tabindex=\"-1\">Vache(s) Jersiaise(s)<\/div><div class=\"n2-ss-layers-container n2-ss-slide-limiter n2-ow\"><div class=\"n2-ss-layer n2-ow n-uc-iup35vRvKl4z\" data-sstype=\"slide\" data-pm=\"default\"><\/div><\/div><\/div><div data-slide-duration=\"0\" data-id=\"18\" data-slide-public-id=\"4\" data-title=\"Vache(s) Jersiaise(s)\" data-description=\"&lt;a href=&quot;https:\/\/elliegibbons.fr&quot; target=&quot;_blank&quot;&gt;Ellie Gibbons&lt;\/a&gt;\" class=\"n2-ss-slide n2-ow  n2-ss-slide-18\"><div role=\"note\" class=\"n2-ss-slide--focus\" tabindex=\"-1\">Vache(s) Jersiaise(s)<\/div><div class=\"n2-ss-layers-container n2-ss-slide-limiter n2-ow\"><div class=\"n2-ss-layer n2-ow n-uc-fTfN4CPc0Zil\" data-sstype=\"slide\" data-pm=\"default\"><\/div><\/div><\/div><div data-slide-duration=\"0\" data-id=\"21\" data-slide-public-id=\"5\" data-title=\"Vache(s) Jersiaise(s)\" data-description=\"&lt;a href=&quot;https:\/\/elliegibbons.fr&quot; target=&quot;_blank&quot;&gt;Ellie Gibbons&lt;\/a&gt;\" class=\"n2-ss-slide n2-ow  n2-ss-slide-21\"><div role=\"note\" class=\"n2-ss-slide--focus\" tabindex=\"-1\">Vache(s) Jersiaise(s)<\/div><div class=\"n2-ss-layers-container n2-ss-slide-limiter n2-ow\"><div class=\"n2-ss-layer n2-ow n-uc-ZhAFtDMbTfA7\" data-sstype=\"slide\" data-pm=\"default\"><\/div><\/div><\/div><div data-slide-duration=\"0\" data-id=\"22\" data-slide-public-id=\"6\" data-title=\"Vache(s) Jersiaise(s)\" data-description=\"&lt;a href=&quot;https:\/\/elliegibbons.fr&quot; target=&quot;_blank&quot;&gt;Ellie Gibbons&lt;\/a&gt;\" class=\"n2-ss-slide n2-ow  n2-ss-slide-22\"><div role=\"note\" class=\"n2-ss-slide--focus\" tabindex=\"-1\">Vache(s) Jersiaise(s)<\/div><div class=\"n2-ss-layers-container n2-ss-slide-limiter n2-ow\"><div class=\"n2-ss-layer n2-ow n-uc-bA2N7HkmyDka\" data-sstype=\"slide\" data-pm=\"default\"><\/div><\/div><\/div>                    <\/div>\n\n                                    <\/div>\n            <\/div>\n        <\/div>\n        <div class=\"n2-ss-slider-controls n2-ss-slider-controls-absolute-center-top\"><div style=\"--widget-offset:50px;text-align: center;width:100%;\" class=\"n2-ss-widget nextend-bar nextend-bar-horizontal n2-ss-widget-hidden n2-ow-all\"><div class=\"n2-style-ffcd546262fa20170a2b41b24cd92d12-simple \" style=\"display: inline-block;\"><span class=\"n2-font-030314930993fbe6df1ea1b668bdcdad-simple \">&nbsp;<\/span><\/div><\/div><\/div><div class=\"n2-ss-slider-controls n2-ss-slider-controls-absolute-left-center\"><div style=\"--widget-offset:64px;\" class=\"n2-ss-widget n2-style-50eacd649c219c27c1c0da175cd811da-heading nextend-arrow n2-ow-all nextend-arrow-previous  nextend-arrow-animated-fade\" data-hide-mobileportrait=\"1\" id=\"n2-ss-2-arrow-previous\" role=\"button\" aria-label=\"previous arrow\" tabindex=\"0\"><img loading=\"lazy\" decoding=\"async\" width=\"32\" height=\"32\" class=\"n2-arrow-normal-img skip-lazy\" data-skip-lazy=\"1\" src=\"data:image\/svg+xml;base64,PHN2ZyB3aWR0aD0iMzIiIGhlaWdodD0iMzIiIHZpZXdCb3g9IjAgMCAzMiAzMiIgeG1sbnM9Imh0dHA6Ly93d3cudzMub3JnLzIwMDAvc3ZnIj4KICAgIDxwYXRoIGQ9Ik0yMS42ODggMTQuNjg4aC03Ljk1NWwxLjgzMy0xLjY1LS4wMDQtLjAwM2MuMjY3LS4yNC40MzgtLjU4NS40MzgtLjk3MyAwLS43MjQtLjU4OC0xLjMxMi0xLjMxMy0xLjMxMi0uMzM3IDAtLjY0Mi4xMy0uODc0LjM0bC0uMDA0LS4wMDMtNC4zNzYgMy45MzcuMDA0LjAwNEM5LjE3IDE1LjI2OCA5IDE1LjYxMiA5IDE2cy4xNy43MzIuNDM4Ljk3MmwtLjAwNC4wMDQgNC4zNzUgMy45MzcuMDAyLS4wMDNjLjIzMy4yMS41MzguMzQuODc2LjM0LjcyNCAwIDEuMzEyLS41ODggMS4zMTItMS4zMTMgMC0uMzg3LS4xNy0uNzMtLjQzOC0uOTcybC4wMDQtLjAwMy0xLjgzMy0xLjY1aDcuOTU0Yy43MjUgMCAxLjMxMy0uNTg3IDEuMzEzLTEuMzEyIDAtLjcyNS0uNTg4LTEuMzEzLTEuMzEzLTEuMzEzek0xNiAyQzguMjY4IDIgMiA4LjI2OCAyIDE2czYuMjY4IDE0IDE0IDE0IDE0LTYuMjY4IDE0LTE0UzIzLjczMiAyIDE2IDJ6bTAgMjUuMzc1QzkuNzE4IDI3LjM3NSA0LjYyNSAyMi4yODIgNC42MjUgMTZTOS43MTggNC42MjUgMTYgNC42MjUgMjcuMzc1IDkuNzE4IDI3LjM3NSAxNiAyMi4yODIgMjcuMzc1IDE2IDI3LjM3NXoiCiAgICAgICAgICBmaWxsPSIjZmZmZmZmIiBvcGFjaXR5PSIwLjMxIiBmaWxsLXJ1bGU9ImV2ZW5vZGQiLz4KPC9zdmc+\" alt=\"previous arrow\"><img loading=\"lazy\" decoding=\"async\" width=\"32\" height=\"32\" class=\"n2-arrow-hover-img skip-lazy\" data-skip-lazy=\"1\" src=\"data:image\/svg+xml;base64,PHN2ZyB3aWR0aD0iMzIiIGhlaWdodD0iMzIiIHZpZXdCb3g9IjAgMCAzMiAzMiIgeG1sbnM9Imh0dHA6Ly93d3cudzMub3JnLzIwMDAvc3ZnIj4KICAgIDxwYXRoIGQ9Ik0yMS42ODggMTQuNjg4aC03Ljk1NWwxLjgzMy0xLjY1LS4wMDQtLjAwM2MuMjY3LS4yNC40MzgtLjU4NS40MzgtLjk3MyAwLS43MjQtLjU4OC0xLjMxMi0xLjMxMy0xLjMxMi0uMzM3IDAtLjY0Mi4xMy0uODc0LjM0bC0uMDA0LS4wMDMtNC4zNzYgMy45MzcuMDA0LjAwNEM5LjE3IDE1LjI2OCA5IDE1LjYxMiA5IDE2cy4xNy43MzIuNDM4Ljk3MmwtLjAwNC4wMDQgNC4zNzUgMy45MzcuMDAyLS4wMDNjLjIzMy4yMS41MzguMzQuODc2LjM0LjcyNCAwIDEuMzEyLS41ODggMS4zMTItMS4zMTMgMC0uMzg3LS4xNy0uNzMtLjQzOC0uOTcybC4wMDQtLjAwMy0xLjgzMy0xLjY1aDcuOTU0Yy43MjUgMCAxLjMxMy0uNTg3IDEuMzEzLTEuMzEyIDAtLjcyNS0uNTg4LTEuMzEzLTEuMzEzLTEuMzEzek0xNiAyQzguMjY4IDIgMiA4LjI2OCAyIDE2czYuMjY4IDE0IDE0IDE0IDE0LTYuMjY4IDE0LTE0UzIzLjczMiAyIDE2IDJ6bTAgMjUuMzc1QzkuNzE4IDI3LjM3NSA0LjYyNSAyMi4yODIgNC42MjUgMTZTOS43MTggNC42MjUgMTYgNC42MjUgMjcuMzc1IDkuNzE4IDI3LjM3NSAxNiAyMi4yODIgMjcuMzc1IDE2IDI3LjM3NXoiCiAgICAgICAgICBmaWxsPSIjZmZmZmZmIiBvcGFjaXR5PSIxIiBmaWxsLXJ1bGU9ImV2ZW5vZGQiLz4KPC9zdmc+\" alt=\"previous arrow\"><\/div><\/div><div class=\"n2-ss-slider-controls n2-ss-slider-controls-absolute-right-center\"><div style=\"--widget-offset:64px;\" class=\"n2-ss-widget n2-style-50eacd649c219c27c1c0da175cd811da-heading nextend-arrow n2-ow-all nextend-arrow-next  nextend-arrow-animated-fade\" data-hide-mobileportrait=\"1\" id=\"n2-ss-2-arrow-next\" role=\"button\" aria-label=\"next arrow\" tabindex=\"0\"><img loading=\"lazy\" decoding=\"async\" width=\"32\" height=\"32\" class=\"n2-arrow-normal-img skip-lazy\" data-skip-lazy=\"1\" src=\"data:image\/svg+xml;base64,PHN2ZyB3aWR0aD0iMzIiIGhlaWdodD0iMzIiIHZpZXdCb3g9IjAgMCAzMiAzMiIgeG1sbnM9Imh0dHA6Ly93d3cudzMub3JnLzIwMDAvc3ZnIj4KICAgIDxwYXRoIGQ9Ik0xOC4xOSAxMS4wODdjLS4yMzUtLjIwNi0uNTQtLjMzNy0uODc4LS4zMzctLjcyNCAwLTEuMzEyLjU4OC0xLjMxMiAxLjMxMyAwIC4zODcuMTcuNzMuNDM4Ljk3MmwxLjgzIDEuNjUySDEwLjMxQzkuNTg4IDE0LjY4NyA5IDE1LjI3NSA5IDE2cy41ODggMS4zMTMgMS4zMTMgMS4zMTNoNy45NTRsLTEuODMzIDEuNjVjLS4yNjMuMjQzLS40MzQuNTg3LS40MzQuOTc0IDAgLjcyNS41ODggMS4zMTMgMS4zMTMgMS4zMTMuMzM3IDAgLjY0Mi0uMTMuODc1LS4zNGw0LjM3OC0zLjkzNGMuMjYzLS4yNDQuNDM0LS41ODguNDM0LS45NzZzLS4xNy0uNzMyLS40MzgtLjk3MmwtNC4zNy0zLjk0ek0xNiAyQzguMjY4IDIgMiA4LjI2OCAyIDE2czYuMjY4IDE0IDE0IDE0IDE0LTYuMjY4IDE0LTE0UzIzLjczMiAyIDE2IDJ6bTAgMjUuMzc1QzkuNzE4IDI3LjM3NSA0LjYyNSAyMi4yODIgNC42MjUgMTZTOS43MTggNC42MjUgMTYgNC42MjUgMjcuMzc1IDkuNzE4IDI3LjM3NSAxNiAyMi4yODIgMjcuMzc1IDE2IDI3LjM3NXoiCiAgICAgICAgICBmaWxsPSIjZmZmZmZmIiBvcGFjaXR5PSIwLjMxIiBmaWxsLXJ1bGU9ImV2ZW5vZGQiLz4KPC9zdmc+\" alt=\"next arrow\"><img loading=\"lazy\" decoding=\"async\" width=\"32\" height=\"32\" class=\"n2-arrow-hover-img skip-lazy\" data-skip-lazy=\"1\" src=\"data:image\/svg+xml;base64,PHN2ZyB3aWR0aD0iMzIiIGhlaWdodD0iMzIiIHZpZXdCb3g9IjAgMCAzMiAzMiIgeG1sbnM9Imh0dHA6Ly93d3cudzMub3JnLzIwMDAvc3ZnIj4KICAgIDxwYXRoIGQ9Ik0xOC4xOSAxMS4wODdjLS4yMzUtLjIwNi0uNTQtLjMzNy0uODc4LS4zMzctLjcyNCAwLTEuMzEyLjU4OC0xLjMxMiAxLjMxMyAwIC4zODcuMTcuNzMuNDM4Ljk3MmwxLjgzIDEuNjUySDEwLjMxQzkuNTg4IDE0LjY4NyA5IDE1LjI3NSA5IDE2cy41ODggMS4zMTMgMS4zMTMgMS4zMTNoNy45NTRsLTEuODMzIDEuNjVjLS4yNjMuMjQzLS40MzQuNTg3LS40MzQuOTc0IDAgLjcyNS41ODggMS4zMTMgMS4zMTMgMS4zMTMuMzM3IDAgLjY0Mi0uMTMuODc1LS4zNGw0LjM3OC0zLjkzNGMuMjYzLS4yNDQuNDM0LS41ODguNDM0LS45NzZzLS4xNy0uNzMyLS40MzgtLjk3MmwtNC4zNy0zLjk0ek0xNiAyQzguMjY4IDIgMiA4LjI2OCAyIDE2czYuMjY4IDE0IDE0IDE0IDE0LTYuMjY4IDE0LTE0UzIzLjczMiAyIDE2IDJ6bTAgMjUuMzc1QzkuNzE4IDI3LjM3NSA0LjYyNSAyMi4yODIgNC42MjUgMTZTOS43MTggNC42MjUgMTYgNC42MjUgMjcuMzc1IDkuNzE4IDI3LjM3NSAxNiAyMi4yODIgMjcuMzc1IDE2IDI3LjM3NXoiCiAgICAgICAgICBmaWxsPSIjZmZmZmZmIiBvcGFjaXR5PSIxIiBmaWxsLXJ1bGU9ImV2ZW5vZGQiLz4KPC9zdmc+\" alt=\"next arrow\"><\/div><\/div><div class=\"n2-ss-slider-controls n2-ss-slider-controls-absolute-center-bottom\"><div data-width-percent=\"100\" class=\"n2-ss-widget nextend-thumbnail nextend-thumbnail-default nextend-thumbnail-horizontal n2-ow-all\" style=\"width:100%;\" data-has-next=\"0\" data-has-previous=\"0\"><div class=\"nextend-thumbnail-inner n2-style-eba5f68e143dc4289a151c86cab1b2f4-simple \"><div class=\"nextend-thumbnail-scroller n2-align-content-center\" style=\"grid-template-rows:repeat(1, 1fr)\"><div class=\"n2-thumbnail-dot n2-style-902791db7da77d74c45d26d63bb23ed8-dot \" data-slide-public-id=\"1\" role=\"button\" aria-label=\"Vache(s) Jersiaise(s)\" tabindex=\"0\"><picture class=\"skip-lazy\" data-skip-lazy=\"1\"><img decoding=\"async\" alt=\"Vache(s) Jersiaise(s)\" src=\"https:\/\/www.fermedesaulnays.fr\/wp-content\/uploads\/slider\/cache\/d9e0944f3814ae1cbd3f064354a53e45\/Ferme-des-Aulnays_-8-scaled.jpg\" width=\"128\" height=\"85\" loading=\"lazy\" class=\"skip-lazy\" data-skip-lazy=\"1\" \/><\/picture><\/div><div class=\"n2-thumbnail-dot n2-style-902791db7da77d74c45d26d63bb23ed8-dot \" data-slide-public-id=\"2\" role=\"button\" aria-label=\"Vache(s) Jersiaise(s)\" tabindex=\"0\"><picture class=\"skip-lazy\" data-skip-lazy=\"1\"><img decoding=\"async\" alt=\"Vache(s) Jersiaise(s)\" src=\"https:\/\/www.fermedesaulnays.fr\/wp-content\/uploads\/slider\/cache\/ce7b121b7f9c97b83d22cd5b13182d33\/Ferme-des-Aulnays_-5-scaled.jpg\" width=\"128\" height=\"85\" loading=\"lazy\" class=\"skip-lazy\" data-skip-lazy=\"1\" \/><\/picture><\/div><div class=\"n2-thumbnail-dot n2-style-902791db7da77d74c45d26d63bb23ed8-dot \" data-slide-public-id=\"3\" role=\"button\" aria-label=\"Vache(s) Jersiaise(s)\" tabindex=\"0\"><picture class=\"skip-lazy\" data-skip-lazy=\"1\"><img decoding=\"async\" alt=\"Vache(s) Jersiaise(s)\" src=\"https:\/\/www.fermedesaulnays.fr\/wp-content\/uploads\/slider\/cache\/56488203febe2ab2449916bae66bf3d4\/Ferme-des-Aulnays_-7-scaled.jpg\" width=\"128\" height=\"192\" loading=\"lazy\" class=\"skip-lazy\" data-skip-lazy=\"1\" \/><\/picture><\/div><div class=\"n2-thumbnail-dot n2-style-902791db7da77d74c45d26d63bb23ed8-dot \" data-slide-public-id=\"4\" role=\"button\" aria-label=\"Vache(s) Jersiaise(s)\" tabindex=\"0\"><picture class=\"skip-lazy\" data-skip-lazy=\"1\"><img decoding=\"async\" alt=\"Vache(s) Jersiaise(s)\" src=\"https:\/\/www.fermedesaulnays.fr\/wp-content\/uploads\/slider\/cache\/c79b9e29f99c3fd8c83ebe0ad547c438\/Ferme-des-Aulnays_-6-scaled.jpg\" width=\"128\" height=\"85\" loading=\"lazy\" class=\"skip-lazy\" data-skip-lazy=\"1\" \/><\/picture><\/div><div class=\"n2-thumbnail-dot n2-style-902791db7da77d74c45d26d63bb23ed8-dot \" data-slide-public-id=\"5\" role=\"button\" aria-label=\"Vache(s) Jersiaise(s)\" tabindex=\"0\"><picture class=\"skip-lazy\" data-skip-lazy=\"1\"><img decoding=\"async\" alt=\"Vache(s) Jersiaise(s)\" src=\"https:\/\/www.fermedesaulnays.fr\/wp-content\/uploads\/slider\/cache\/070b0d57bcbce5983a3fec4a5495cfbd\/Ferme-des-Aulnays_-32-scaled.jpg\" width=\"128\" height=\"192\" loading=\"lazy\" class=\"skip-lazy\" data-skip-lazy=\"1\" \/><\/picture><\/div><div class=\"n2-thumbnail-dot n2-style-902791db7da77d74c45d26d63bb23ed8-dot \" data-slide-public-id=\"6\" role=\"button\" aria-label=\"Vache(s) Jersiaise(s)\" tabindex=\"0\"><picture class=\"skip-lazy\" data-skip-lazy=\"1\"><img decoding=\"async\" alt=\"Vache(s) Jersiaise(s)\" src=\"https:\/\/www.fermedesaulnays.fr\/wp-content\/uploads\/slider\/cache\/f8062c9ff19d47beaead4c563d00546e\/Ferme-des-Aulnays_-31-scaled.jpg\" width=\"128\" height=\"85\" loading=\"lazy\" class=\"skip-lazy\" data-skip-lazy=\"1\" \/><\/picture><\/div><\/div><\/div><div class=\"nextend-thumbnail-button nextend-thumbnail-previous\"><img decoding=\"async\" width=\"26\" height=\"26\" style=\"width:26px;transform:rotateZ(-90deg);\" loading=\"lazy\" class=\"skip-lazy\" data-skip-lazy=\"1\" src=\"data:image\/svg+xml;base64,PHN2ZyB3aWR0aD0iMjYiIGhlaWdodD0iMjYiIHhtbG5zPSJodHRwOi8vd3d3LnczLm9yZy8yMDAwL3N2ZyI+CiAgICA8ZyBmaWxsPSJub25lIiBmaWxsLXJ1bGU9ImV2ZW5vZGQiPgogICAgICAgIDxjaXJjbGUgc3Ryb2tlPSIjZmZmIiBzdHJva2Utd2lkdGg9IjIiIG9wYWNpdHk9Ii41IiBmaWxsPSIjMDAwIiBjeD0iMTMiIGN5PSIxMyIgcj0iMTIiLz4KICAgICAgICA8cGF0aCBkPSJNMTMuNDM1IDkuMTc4Yy0uMTI2LS4xMjEtLjI3LS4xODItLjQzNi0uMTgyLS4xNjQgMC0uMzA2LjA2MS0uNDI4LjE4MmwtNC4zOCA0LjE3NWMtLjEyNi4xMjEtLjE4OC4yNjItLjE4OC40MjQgMCAuMTYxLjA2Mi4zMDIuMTg4LjQyM2wuNjUuNjIyYy4xMjYuMTIxLjI3My4xODIuNDQxLjE4Mi4xNyAwIC4zMTQtLjA2MS40MzYtLjE4MmwzLjMxNC0zLjE2MSAzLjI0OSAzLjE2MWMuMTI2LjEyMS4yNjkuMTgyLjQzMi4xODIuMTY0IDAgLjMwNy0uMDYxLjQzMy0uMTgybC42NjItLjYyMmMuMTI2LS4xMjEuMTg5LS4yNjIuMTg5LS40MjMgMC0uMTYyLS4wNjMtLjMwMy0uMTg5LS40MjRsLTQuMzczLTQuMTc1eiIKICAgICAgICAgICAgICBmaWxsPSIjZmZmIi8+CiAgICA8L2c+Cjwvc3ZnPg==\" alt=\"previous arrow\"><\/div><div class=\"nextend-thumbnail-button nextend-thumbnail-next\"><img decoding=\"async\" width=\"26\" height=\"26\" style=\"width:26px;transform:rotateZ(-90deg);\" loading=\"lazy\" class=\"skip-lazy\" data-skip-lazy=\"1\" src=\"data:image\/svg+xml;base64,PHN2ZyB4bWxucz0iaHR0cDovL3d3dy53My5vcmcvMjAwMC9zdmciIHdpZHRoPSIyNiIgaGVpZ2h0PSIyNiI+CiAgICA8ZyBmaWxsPSJub25lIj4KICAgICAgICA8Y2lyY2xlIGN4PSIxMyIgY3k9IjEzIiByPSIxMiIgZmlsbD0iIzAwMCIgc3Ryb2tlPSIjZmZmIiBzdHJva2Utd2lkdGg9IjIiIG9wYWNpdHk9Ii41Ii8+CiAgICAgICAgPHBhdGggZmlsbD0iI2ZmZiIKICAgICAgICAgICAgICBkPSJNMTIuNTY1IDE2LjgyMmMuMTI2LjEyLjI3LjE4Mi40MzYuMTgyLjE2OCAwIC4zMS0uMDYuNDMtLjE4Mmw0LjM4LTQuMTc1Yy4xMjgtLjEyLjE5LS4yNjIuMTktLjQyNCAwLS4xNi0uMDYyLS4zMDItLjE5LS40MjNsLS42NS0uNjIyYy0uMTI1LS4xMi0uMjcyLS4xODItLjQ0LS4xODItLjE3IDAtLjMxNC4wNi0uNDM2LjE4MmwtMy4zMTQgMy4xNi0zLjI1LTMuMTZjLS4xMjYtLjEyLS4yNy0uMTgyLS40My0uMTgyLS4xNjYgMC0uMzEuMDYtLjQzNS4xODJsLS42NjIuNjIyYy0uMTI2LjEyLS4xOS4yNjItLjE5LjQyMyAwIC4xNjIuMDY0LjMwMy4xOS40MjRsNC4zNzMgNC4xNzV6Ii8+CiAgICA8L2c+Cjwvc3ZnPg==\" alt=\"next arrow\"><\/div><\/div><\/div><\/div><\/div><\/template><ss3-loader><\/ss3-loader><\/div><\/div><div class=\"n2_clear\"><\/div><\/div>","protected":false},"excerpt":{"rendered":"<p>Nous \u00e9levons 45 vaches laiti\u00e8res de Jersiaises, qui se nourrissent essentiellement d&rsquo;herbe, dont les \u00be du lait sont transform\u00e9s en camembert BIO. Notre syst\u00e8me herbager, nous assure une compl\u00e8te autonomie alimentaire toute l&rsquo;ann\u00e9e :Du foin \u00e0 dominante l\u00e9gumineuses (luzerne), des c\u00e9r\u00e9ales en ration hivernale.Encore un peu de foin et de c\u00e9r\u00e9ales au printemps, un p\u00e2turage [&hellip;]<\/p>\n","protected":false},"author":1,"featured_media":0,"parent":0,"menu_order":0,"comment_status":"closed","ping_status":"closed","template":"","meta":{"footnotes":""},"class_list":["post-110","page","type-page","status-publish","hentry"],"_links":{"self":[{"href":"https:\/\/www.fermedesaulnays.fr\/index.php\/wp-json\/wp\/v2\/pages\/110","targetHints":{"allow":["GET"]}}],"collection":[{"href":"https:\/\/www.fermedesaulnays.fr\/index.php\/wp-json\/wp\/v2\/pages"}],"about":[{"href":"https:\/\/www.fermedesaulnays.fr\/index.php\/wp-json\/wp\/v2\/types\/page"}],"author":[{"embeddable":true,"href":"https:\/\/www.fermedesaulnays.fr\/index.php\/wp-json\/wp\/v2\/users\/1"}],"replies":[{"embeddable":true,"href":"https:\/\/www.fermedesaulnays.fr\/index.php\/wp-json\/wp\/v2\/comments?post=110"}],"version-history":[{"count":7,"href":"https:\/\/www.fermedesaulnays.fr\/index.php\/wp-json\/wp\/v2\/pages\/110\/revisions"}],"predecessor-version":[{"id":305,"href":"https:\/\/www.fermedesaulnays.fr\/index.php\/wp-json\/wp\/v2\/pages\/110\/revisions\/305"}],"wp:attachment":[{"href":"https:\/\/www.fermedesaulnays.fr\/index.php\/wp-json\/wp\/v2\/media?parent=110"}],"curies":[{"name":"wp","href":"https:\/\/api.w.org\/{rel}","templated":true}]}}