{"id":193,"date":"2024-08-20T14:38:42","date_gmt":"2024-08-20T12:38:42","guid":{"rendered":"https:\/\/www.fermedesaulnays.fr\/?page_id=193"},"modified":"2024-09-24T09:23:58","modified_gmt":"2024-09-24T07:23:58","slug":"ou-trouver-nos-produits","status":"publish","type":"page","link":"https:\/\/www.fermedesaulnays.fr\/index.php\/ou-trouver-nos-produits\/","title":{"rendered":"O\u00f9 trouver nos produits ?"},"content":{"rendered":"\n<h2 class=\"wp-block-heading has-text-align-center\">Partenaires locaux<\/h2>\n\n\n\n<div class=\"wp-block-columns is-layout-flex wp-container-core-columns-is-layout-28f84493 wp-block-columns-is-layout-flex\">\n<div class=\"wp-block-column is-vertically-aligned-center is-layout-flow wp-block-column-is-layout-flow\" style=\"flex-basis:50%\">\n<p class=\"has-text-align-center has-large-font-size\">Nos produits sont tous disponibles directement \u00e0 la ferme, le jeudi soir, au <strong><a href=\"https:\/\/www.fermedesaulnays.fr\/index.php\/le-marche\/\" data-type=\"page\" data-id=\"182\">march\u00e9 paysan.<\/a><\/strong><br>Sur <strong>Evran<\/strong>, vous pouvez aussi nous retrouver au <strong>Fratallenza<\/strong>, au <strong>Patio<\/strong> ou au <strong>Carrefour Contact<\/strong>.<br>Au <strong>Quiou<\/strong>, nous fournissons le <strong>Cr\u00eap&rsquo;iou<\/strong>.<br>Enfin sur <strong>Dinan<\/strong>, nos fromages sont en vente au march\u00e9 de Dinan sur le stand de la <strong>Ferme de la Salamandre<\/strong>, au <strong>Biocoop<\/strong> \u00e0 Lanvallay et aux <strong>Comptoirs de la Bio<\/strong>, et nous fournissons le restaurant <strong>La Vieille Braise.<\/strong><\/p>\n<\/div>\n\n\n\n<div class=\"wp-block-column is-vertically-aligned-center is-layout-flow wp-block-column-is-layout-flow\" style=\"flex-basis:50%\"><p><iframe loading=\"lazy\" src=\"https:\/\/www.google.com\/maps\/d\/u\/0\/embed?mid=1CO3hTrD1AiY4B9UszVX7NnIJqUIFKx8&#038;ehbc=2E312F&#038;noprof=1\" width=\"640\" height=\"480\"><\/iframe><\/p>\n<\/div>\n<\/div>\n\n\n\n<hr class=\"wp-block-separator has-alpha-channel-opacity is-style-wide\"\/>\n\n\n\n<h2 class=\"wp-block-heading has-text-align-center\">Partenaires sur St-Malo<\/h2>\n\n\n\n<div class=\"wp-block-columns is-layout-flex wp-container-core-columns-is-layout-28f84493 wp-block-columns-is-layout-flex\">\n<div class=\"wp-block-column is-vertically-aligned-center is-layout-flow wp-block-column-is-layout-flow\" style=\"flex-basis:50%\">\n<p class=\"has-text-align-center has-large-font-size\">Sur la c\u00f4te, nous sommes en vente chez les <strong>Fermiers de la Baie<\/strong> et la <strong>biocoop l&rsquo;Authentik <\/strong>\u00e0 St-Malo m\u00eame, mais aussi \u00e0 <strong>Lann Seoc<\/strong> \u00e0 Lancieux.<br>Nous fournissons aussi les restaurant du <strong>Ty Billig<\/strong>, et du <strong>Ch\u00e2teau Richeux<\/strong> \u00e0 St-M\u00e9loire-des-Ondes.<\/p>\n<\/div>\n\n\n\n<div class=\"wp-block-column is-vertically-aligned-center is-layout-flow wp-block-column-is-layout-flow\" style=\"flex-basis:50%\"><p><iframe loading=\"lazy\" src=\"https:\/\/www.google.com\/maps\/d\/u\/0\/embed?mid=1It5W98RIQtEEweFW5d9vL5baaEWRDFY&#038;ehbc=2E312F&#038;noprof=1\" width=\"640\" height=\"480\"><\/iframe><\/p>\n<\/div>\n<\/div>\n\n\n\n<hr class=\"wp-block-separator has-alpha-channel-opacity is-style-wide\"\/>\n\n\n\n<h2 class=\"wp-block-heading has-text-align-center\">Partenaires sur Rennes<\/h2>\n\n\n\n<div class=\"wp-block-columns is-layout-flex wp-container-core-columns-is-layout-28f84493 wp-block-columns-is-layout-flex\">\n<div class=\"wp-block-column is-vertically-aligned-center is-layout-flow wp-block-column-is-layout-flow\" style=\"flex-basis:50%\">\n<p class=\"has-text-align-center has-large-font-size\">Du c\u00f4t\u00e9 de Rennes, nous sommes pr\u00e9sents \u00e0 la vente \u00e0 <strong>Douz&rsquo;Ar\u00f4mes<\/strong>, la <strong>Fromotte<\/strong>, <strong>Fourmaj Club<\/strong> et \u00e0 diff\u00e9rentes locations de<strong> Biocoop et Brin d&rsquo;Herbe<\/strong>.<\/p>\n<\/div>\n\n\n\n<div class=\"wp-block-column is-vertically-aligned-center is-layout-flow wp-block-column-is-layout-flow\" style=\"flex-basis:50%\"><p><iframe loading=\"lazy\" src=\"https:\/\/www.google.com\/maps\/d\/u\/0\/embed?mid=1yq2PZ2fVgql57NyeVVkrq4NXc5A3Gjg&#038;ehbc=2E312F&#038;noprof=1\" width=\"640\" height=\"480\"><\/iframe><\/p>\n<\/div>\n<\/div>\n\n\n\n<p><\/p>\n","protected":false},"excerpt":{"rendered":"<p>Partenaires locaux Nos produits sont tous disponibles directement \u00e0 la ferme, le jeudi soir, au march\u00e9 paysan.Sur Evran, vous pouvez aussi nous retrouver au Fratallenza, au Patio ou au Carrefour Contact.Au Quiou, nous fournissons le Cr\u00eap&rsquo;iou.Enfin sur Dinan, nos fromages sont en vente au march\u00e9 de Dinan sur le stand de la Ferme de la [&hellip;]<\/p>\n","protected":false},"author":1,"featured_media":0,"parent":0,"menu_order":0,"comment_status":"closed","ping_status":"closed","template":"","meta":{"footnotes":""},"class_list":["post-193","page","type-page","status-publish","hentry"],"_links":{"self":[{"href":"https:\/\/www.fermedesaulnays.fr\/index.php\/wp-json\/wp\/v2\/pages\/193","targetHints":{"allow":["GET"]}}],"collection":[{"href":"https:\/\/www.fermedesaulnays.fr\/index.php\/wp-json\/wp\/v2\/pages"}],"about":[{"href":"https:\/\/www.fermedesaulnays.fr\/index.php\/wp-json\/wp\/v2\/types\/page"}],"author":[{"embeddable":true,"href":"https:\/\/www.fermedesaulnays.fr\/index.php\/wp-json\/wp\/v2\/users\/1"}],"replies":[{"embeddable":true,"href":"https:\/\/www.fermedesaulnays.fr\/index.php\/wp-json\/wp\/v2\/comments?post=193"}],"version-history":[{"count":17,"href":"https:\/\/www.fermedesaulnays.fr\/index.php\/wp-json\/wp\/v2\/pages\/193\/revisions"}],"predecessor-version":[{"id":280,"href":"https:\/\/www.fermedesaulnays.fr\/index.php\/wp-json\/wp\/v2\/pages\/193\/revisions\/280"}],"wp:attachment":[{"href":"https:\/\/www.fermedesaulnays.fr\/index.php\/wp-json\/wp\/v2\/media?parent=193"}],"curies":[{"name":"wp","href":"https:\/\/api.w.org\/{rel}","templated":true}]}}