{"id":194,"date":"2024-08-08T16:28:11","date_gmt":"2024-08-08T14:28:11","guid":{"rendered":"https:\/\/www.fermedesaulnays.fr\/?page_id=194"},"modified":"2024-09-24T09:47:04","modified_gmt":"2024-09-24T07:47:04","slug":"contact","status":"publish","type":"page","link":"https:\/\/www.fermedesaulnays.fr\/index.php\/contact\/","title":{"rendered":"Contact"},"content":{"rendered":"\n<div class=\"wp-block-columns is-layout-flex wp-container-core-columns-is-layout-28f84493 wp-block-columns-is-layout-flex\">\n<div class=\"wp-block-column is-vertically-aligned-center is-layout-flow wp-block-column-is-layout-flow\">\n<p class=\"has-text-align-center\">La Ferme des Aulnays se situe \u00e0 La Touche, 22630 \u00c9vran<\/p>\n\n\n\n<p class=\"has-text-align-center\">Vous pouvez nous contacter par t\u00e9l\u00e9phone aux :<br>02 96 27 52 62<br>06 44 26 57 15<br>06 89 17 62 48<\/p>\n\n\n\n<p class=\"has-text-align-center\">Nous avons aussi un email : <a href=\"mailto:legoff.aulnays@outlook.fr\">legoff.aulnays@outlook.fr<\/a><br>Et vous pouvez nous suivre sur Facebook : <a href=\"https:\/\/www.facebook.com\/fermedesaulnays\">https:\/\/www.facebook.com\/fermedesaulnays<\/a><\/p>\n<\/div>\n\n\n\n<div class=\"wp-block-column is-vertically-aligned-center is-layout-flow wp-block-column-is-layout-flow\"><p><iframe src=\"https:\/\/www.google.com\/maps\/embed?pb=!1m18!1m12!1m3!1d2648.859475118443!2d-2.0035275231427376!3d48.40164173274007!2m3!1f0!2f0!3f0!3m2!1i1024!2i768!4f13.1!3m3!1m2!1s0x480e8b157dca175b%3A0x803f7e95786baf49!2sE.A.R.L.%20des%20Aulnays!5e0!3m2!1sen!2sfr!4v1723126535755!5m2!1sen!2sfr\" width=\"600\" height=\"450\" style=\"border:0;\" allowfullscreen=\"\" loading=\"lazy\" referrerpolicy=\"no-referrer-when-downgrade\"><\/iframe><\/p>\n<\/div>\n<\/div>\n\n\n\n<p><\/p>\n","protected":false},"excerpt":{"rendered":"<p>La Ferme des Aulnays se situe \u00e0 La Touche, 22630 \u00c9vran Vous pouvez nous contacter par t\u00e9l\u00e9phone aux :02 96 27 52 6206 44 26 57 1506 89 17 62 48 Nous avons aussi un email : legoff.aulnays@outlook.frEt vous pouvez nous suivre sur Facebook : https:\/\/www.facebook.com\/fermedesaulnays<\/p>\n","protected":false},"author":1,"featured_media":0,"parent":0,"menu_order":0,"comment_status":"closed","ping_status":"closed","template":"","meta":{"footnotes":""},"class_list":["post-194","page","type-page","status-publish","hentry"],"_links":{"self":[{"href":"https:\/\/www.fermedesaulnays.fr\/index.php\/wp-json\/wp\/v2\/pages\/194","targetHints":{"allow":["GET"]}}],"collection":[{"href":"https:\/\/www.fermedesaulnays.fr\/index.php\/wp-json\/wp\/v2\/pages"}],"about":[{"href":"https:\/\/www.fermedesaulnays.fr\/index.php\/wp-json\/wp\/v2\/types\/page"}],"author":[{"embeddable":true,"href":"https:\/\/www.fermedesaulnays.fr\/index.php\/wp-json\/wp\/v2\/users\/1"}],"replies":[{"embeddable":true,"href":"https:\/\/www.fermedesaulnays.fr\/index.php\/wp-json\/wp\/v2\/comments?post=194"}],"version-history":[{"count":4,"href":"https:\/\/www.fermedesaulnays.fr\/index.php\/wp-json\/wp\/v2\/pages\/194\/revisions"}],"predecessor-version":[{"id":301,"href":"https:\/\/www.fermedesaulnays.fr\/index.php\/wp-json\/wp\/v2\/pages\/194\/revisions\/301"}],"wp:attachment":[{"href":"https:\/\/www.fermedesaulnays.fr\/index.php\/wp-json\/wp\/v2\/media?parent=194"}],"curies":[{"name":"wp","href":"https:\/\/api.w.org\/{rel}","templated":true}]}}