{"id":77,"date":"2024-07-25T19:06:50","date_gmt":"2024-07-25T17:06:50","guid":{"rendered":"https:\/\/www.fermedesaulnays.fr\/?page_id=77"},"modified":"2024-10-08T16:18:49","modified_gmt":"2024-10-08T14:18:49","slug":"notre-ferme","status":"publish","type":"page","link":"https:\/\/www.fermedesaulnays.fr\/index.php\/notre-ferme\/","title":{"rendered":"Notre Ferme"},"content":{"rendered":"\n<div class=\"wp-block-columns is-layout-flex wp-container-core-columns-is-layout-28f84493 wp-block-columns-is-layout-flex\">\n<div class=\"wp-block-column is-layout-flow wp-block-column-is-layout-flow\">\n<figure class=\"wp-block-image size-large --is-custom-photo --credit\"><img loading=\"lazy\" decoding=\"async\" width=\"1024\" height=\"683\" src=\"https:\/\/www.fermedesaulnays.fr\/wp-content\/uploads\/2024\/10\/Ferme-des-Aulnays_-2-1024x683.jpg\" alt=\"\" class=\"wp-image-337\" srcset=\"https:\/\/www.fermedesaulnays.fr\/wp-content\/uploads\/2024\/10\/Ferme-des-Aulnays_-2-1024x683.jpg 1024w, https:\/\/www.fermedesaulnays.fr\/wp-content\/uploads\/2024\/10\/Ferme-des-Aulnays_-2-300x200.jpg 300w, https:\/\/www.fermedesaulnays.fr\/wp-content\/uploads\/2024\/10\/Ferme-des-Aulnays_-2-768x512.jpg 768w, https:\/\/www.fermedesaulnays.fr\/wp-content\/uploads\/2024\/10\/Ferme-des-Aulnays_-2-1536x1024.jpg 1536w, https:\/\/www.fermedesaulnays.fr\/wp-content\/uploads\/2024\/10\/Ferme-des-Aulnays_-2-2048x1365.jpg 2048w\" sizes=\"auto, (max-width: 1024px) 100vw, 1024px\" \/><figcaption class=\"wp-element-caption\"><em>Photo: <a href=\"http:\/\/elliegibbons.fr\" data-type=\"link\" data-id=\"elliegibbons.fr\" target=\"_blank\" rel=\"noreferrer noopener\">Ellie Gibbons<\/a><\/em><\/figcaption><\/figure>\n<\/div>\n\n\n\n<div class=\"wp-block-column is-layout-flow wp-block-column-is-layout-flow\">\n<p class=\"has-text-align-center\">La <strong>Ferme des Aulnays<\/strong> est situ\u00e9e \u00e0 <strong>Evran<\/strong> dans les C\u00f4tes d&rsquo;Armor en Bretagne (Ouest de la France) et occupe 75 ha de terres sablo-limoneuses.<br>Cultiv\u00e9es en BIO, les 2\/3 des terres sont en prairies, le reste en c\u00e9r\u00e9ales (Triticale et m\u00e9lange c\u00e9r\u00e9alier).<\/p>\n\n\n\n<p class=\"has-text-align-center\">Lorsque nous nous sommes install\u00e9s en 1994, nous avons trouv\u00e9 un environnement pr\u00e9serv\u00e9 par les 25 ann\u00e9es de pratiques culturales bio de nos pr\u00e9d\u00e9cesseurs.<br>Cet environnement, propice \u00e0 l\u2019\u00e9levage, se caract\u00e9rise par un maillage bocager tr\u00e8s dense et 16 ha de prairies naturelles en bord de Rance.<\/p>\n\n\n\n<p class=\"has-text-align-center\">C&rsquo;est un choix de vie qui permet pleinement de conserver l&rsquo;\u00e9quilibre et l&rsquo;harmonie entre la terre que nous travaillons, les animaux que nous \u00e9levons, les produits que nous transformons et l&rsquo;id\u00e9e que nous nous faisons de l&rsquo;agriculture et de la soci\u00e9t\u00e9.<br>Notre souhait au pr\u00e9sent, c&rsquo;est de vous faire partager au travers de notre fromage ce petit bout de terre qui est le n\u00f4tre.<\/p>\n<\/div>\n<\/div>\n\n\n\n<hr class=\"wp-block-separator has-alpha-channel-opacity is-style-wide\"\/>\n\n\n\n<div class=\"wp-block-columns is-layout-flex wp-container-core-columns-is-layout-28f84493 wp-block-columns-is-layout-flex\">\n<div class=\"wp-block-column is-layout-flow wp-block-column-is-layout-flow\">\n<p class=\"has-text-align-center\">Notre souci premier est de pourvoir \u00e0 une alimentation de qualit\u00e9 \u00e0 nos vaches en cr\u00e9ant d\u2019une part des prairies \u00e0 flore vari\u00e9e pour le p\u00e2turage et d\u2019autre part en r\u00e9coltant du foin de l\u00e9gumineuse.<\/p>\n\n\n\n<p class=\"has-text-align-center\">Nos efforts sur ce terrain ont \u00e9t\u00e9 reconnus au Concours des Prairies Fleuries 2017 par le Troisi\u00e8me Prix d&rsquo;Excellence Agri-\u00e9cologique.<\/p>\n\n\n\n<figure class=\"wp-block-image aligncenter size-full is-resized --is-custom-photo\"><img loading=\"lazy\" decoding=\"async\" width=\"2560\" height=\"1920\" src=\"https:\/\/www.fermedesaulnays.fr\/wp-content\/uploads\/2024\/08\/IMG_2679-scaled.jpg\" alt=\"\" class=\"wp-image-175\" style=\"width:360px\" srcset=\"https:\/\/www.fermedesaulnays.fr\/wp-content\/uploads\/2024\/08\/IMG_2679-scaled.jpg 2560w, https:\/\/www.fermedesaulnays.fr\/wp-content\/uploads\/2024\/08\/IMG_2679-300x225.jpg 300w, https:\/\/www.fermedesaulnays.fr\/wp-content\/uploads\/2024\/08\/IMG_2679-1024x768.jpg 1024w, https:\/\/www.fermedesaulnays.fr\/wp-content\/uploads\/2024\/08\/IMG_2679-768x576.jpg 768w, https:\/\/www.fermedesaulnays.fr\/wp-content\/uploads\/2024\/08\/IMG_2679-1536x1152.jpg 1536w, https:\/\/www.fermedesaulnays.fr\/wp-content\/uploads\/2024\/08\/IMG_2679-2048x1536.jpg 2048w\" sizes=\"auto, (max-width: 2560px) 100vw, 2560px\" \/><\/figure>\n<\/div>\n\n\n\n<div class=\"wp-block-column is-layout-flow wp-block-column-is-layout-flow\">\n<figure class=\"wp-block-image size-full --is-custom-photo --tilt-right\"><img loading=\"lazy\" decoding=\"async\" width=\"1461\" height=\"1275\" src=\"https:\/\/www.fermedesaulnays.fr\/wp-content\/uploads\/2024\/08\/IMG_2679-1.jpg\" alt=\"\" class=\"wp-image-176\" srcset=\"https:\/\/www.fermedesaulnays.fr\/wp-content\/uploads\/2024\/08\/IMG_2679-1.jpg 1461w, https:\/\/www.fermedesaulnays.fr\/wp-content\/uploads\/2024\/08\/IMG_2679-1-300x262.jpg 300w, https:\/\/www.fermedesaulnays.fr\/wp-content\/uploads\/2024\/08\/IMG_2679-1-1024x894.jpg 1024w, https:\/\/www.fermedesaulnays.fr\/wp-content\/uploads\/2024\/08\/IMG_2679-1-768x670.jpg 768w\" sizes=\"auto, (max-width: 1461px) 100vw, 1461px\" \/><\/figure>\n<\/div>\n<\/div>\n\n\n\n<hr class=\"wp-block-separator has-alpha-channel-opacity is-style-wide\"\/>\n\n\n\n<h2 class=\"wp-block-heading has-text-align-center\">De l&rsquo;autonomie alimentaire et \u00e9nerg\u00e9tique<\/h2>\n\n\n\n<div class=\"wp-block-columns is-layout-flex wp-container-core-columns-is-layout-28f84493 wp-block-columns-is-layout-flex\">\n<div class=\"wp-block-column is-vertically-aligned-center is-layout-flow wp-block-column-is-layout-flow\" style=\"flex-basis:40%\">\n<figure class=\"wp-block-image size-full --is-custom-photo\"><img loading=\"lazy\" decoding=\"async\" width=\"2048\" height=\"2560\" src=\"https:\/\/www.fermedesaulnays.fr\/wp-content\/uploads\/2024\/08\/433FCE14-0F94-41D7-8D1A-F7C66687BCEC-scaled.jpg\" alt=\"\" class=\"wp-image-241\" srcset=\"https:\/\/www.fermedesaulnays.fr\/wp-content\/uploads\/2024\/08\/433FCE14-0F94-41D7-8D1A-F7C66687BCEC-scaled.jpg 2048w, https:\/\/www.fermedesaulnays.fr\/wp-content\/uploads\/2024\/08\/433FCE14-0F94-41D7-8D1A-F7C66687BCEC-240x300.jpg 240w, https:\/\/www.fermedesaulnays.fr\/wp-content\/uploads\/2024\/08\/433FCE14-0F94-41D7-8D1A-F7C66687BCEC-819x1024.jpg 819w, https:\/\/www.fermedesaulnays.fr\/wp-content\/uploads\/2024\/08\/433FCE14-0F94-41D7-8D1A-F7C66687BCEC-768x960.jpg 768w, https:\/\/www.fermedesaulnays.fr\/wp-content\/uploads\/2024\/08\/433FCE14-0F94-41D7-8D1A-F7C66687BCEC-1229x1536.jpg 1229w, https:\/\/www.fermedesaulnays.fr\/wp-content\/uploads\/2024\/08\/433FCE14-0F94-41D7-8D1A-F7C66687BCEC-1638x2048.jpg 1638w\" sizes=\"auto, (max-width: 2048px) 100vw, 2048px\" \/><\/figure>\n<\/div>\n\n\n\n<div class=\"wp-block-column is-vertically-aligned-center is-layout-flow wp-block-column-is-layout-flow\" style=\"flex-basis:60%\">\n<p class=\"has-text-align-center\">Aux Aulnays nous tenons aux principes d&rsquo;autonomie alimentaire et \u00e9nerg\u00e9tique, et cela motive notre mode de fonctionnement. Nous tenons \u00e0 un circuit court et des m\u00e9thodes respectueuses de nos terres, car elles nous nourrissent.<\/p>\n\n\n\n<p class=\"has-text-align-center\">Nous produisons des c\u00e9r\u00e9ales et du foin pour compl\u00e9menter le p\u00e2turage des vaches. Ensuite, le petit lait qui r\u00e9sulte de la transformation du fromage sert \u00e0 nourrir nos porcs avec nos c\u00e9r\u00e9ales.<\/p>\n\n\n\n<p class=\"has-text-align-center\">C\u00f4t\u00e9 \u00e9nergie, notre bocage (126 m\u00e8tres\/ha de surface agricole) constitue une ressource suppl\u00e9mentaire valoris\u00e9e en bois-\u00e9nergie sous forme de plaquettes de bois d\u00e9chiquet\u00e9, pour le chauffage et la fourniture d&rsquo;eau chaude vers la fromagerie et l\u2019habitation. Le tout compliment\u00e9 par nos panneaux solaires.<\/p>\n\n\n\n<p class=\"has-text-align-center\">Nous fabriquons quotidiennement, 5 jours par semaine, nos produits laitiers afin d&rsquo;\u00e9viter un stockage prolong\u00e9 au froid.<\/p>\n\n\n\n<p class=\"has-text-align-center\">Pour finir nous distribuons au maximum nos produits localement (sur place au <a href=\"https:\/\/www.fermedesaulnays.fr\/index.php\/le-marche\/\" data-type=\"page\" data-id=\"182\">march\u00e9 paysan<\/a>, ou via des <a href=\"https:\/\/www.fermedesaulnays.fr\/index.php\/ou-trouver-nos-produits\/\" data-type=\"page\" data-id=\"193\">acteurs locaux<\/a> entre St-Malo et Rennes).<\/p>\n<\/div>\n\n\n\n<div class=\"wp-block-column is-vertically-aligned-center is-layout-flow wp-block-column-is-layout-flow\" style=\"flex-basis:40%\">\n<figure class=\"wp-block-image size-full --is-custom-photo\"><img loading=\"lazy\" decoding=\"async\" width=\"2048\" height=\"1536\" src=\"https:\/\/www.fermedesaulnays.fr\/wp-content\/uploads\/2024\/07\/IMG_1575.jpeg\" alt=\"\" class=\"wp-image-68\" srcset=\"https:\/\/www.fermedesaulnays.fr\/wp-content\/uploads\/2024\/07\/IMG_1575.jpeg 2048w, https:\/\/www.fermedesaulnays.fr\/wp-content\/uploads\/2024\/07\/IMG_1575-300x225.jpeg 300w, https:\/\/www.fermedesaulnays.fr\/wp-content\/uploads\/2024\/07\/IMG_1575-1024x768.jpeg 1024w, https:\/\/www.fermedesaulnays.fr\/wp-content\/uploads\/2024\/07\/IMG_1575-768x576.jpeg 768w, https:\/\/www.fermedesaulnays.fr\/wp-content\/uploads\/2024\/07\/IMG_1575-1536x1152.jpeg 1536w\" sizes=\"auto, (max-width: 2048px) 100vw, 2048px\" \/><figcaption class=\"wp-element-caption\">Tracker: panneau solaire orientable<\/figcaption><\/figure>\n<\/div>\n<\/div>\n","protected":false},"excerpt":{"rendered":"<p>La Ferme des Aulnays est situ\u00e9e \u00e0 Evran dans les C\u00f4tes d&rsquo;Armor en Bretagne (Ouest de la France) et occupe 75 ha de terres sablo-limoneuses.Cultiv\u00e9es en BIO, les 2\/3 des terres sont en prairies, le reste en c\u00e9r\u00e9ales (Triticale et m\u00e9lange c\u00e9r\u00e9alier). Lorsque nous nous sommes install\u00e9s en 1994, nous avons trouv\u00e9 un environnement pr\u00e9serv\u00e9 [&hellip;]<\/p>\n","protected":false},"author":1,"featured_media":0,"parent":0,"menu_order":0,"comment_status":"closed","ping_status":"closed","template":"","meta":{"footnotes":"[]"},"class_list":["post-77","page","type-page","status-publish","hentry"],"_links":{"self":[{"href":"https:\/\/www.fermedesaulnays.fr\/index.php\/wp-json\/wp\/v2\/pages\/77","targetHints":{"allow":["GET"]}}],"collection":[{"href":"https:\/\/www.fermedesaulnays.fr\/index.php\/wp-json\/wp\/v2\/pages"}],"about":[{"href":"https:\/\/www.fermedesaulnays.fr\/index.php\/wp-json\/wp\/v2\/types\/page"}],"author":[{"embeddable":true,"href":"https:\/\/www.fermedesaulnays.fr\/index.php\/wp-json\/wp\/v2\/users\/1"}],"replies":[{"embeddable":true,"href":"https:\/\/www.fermedesaulnays.fr\/index.php\/wp-json\/wp\/v2\/comments?post=77"}],"version-history":[{"count":18,"href":"https:\/\/www.fermedesaulnays.fr\/index.php\/wp-json\/wp\/v2\/pages\/77\/revisions"}],"predecessor-version":[{"id":379,"href":"https:\/\/www.fermedesaulnays.fr\/index.php\/wp-json\/wp\/v2\/pages\/77\/revisions\/379"}],"wp:attachment":[{"href":"https:\/\/www.fermedesaulnays.fr\/index.php\/wp-json\/wp\/v2\/media?parent=77"}],"curies":[{"name":"wp","href":"https:\/\/api.w.org\/{rel}","templated":true}]}}